{"id":288,"date":"2023-08-04T10:01:44","date_gmt":"2023-08-04T10:01:44","guid":{"rendered":"https:\/\/nicksan.com\/?page_id=288"},"modified":"2024-10-08T21:34:35","modified_gmt":"2024-10-08T21:34:35","slug":"sustentabilidad","status":"publish","type":"page","link":"https:\/\/nicksan.com\/en\/sustentabilidad\/","title":{"rendered":"Sustentabilidad"},"content":{"rendered":"<div data-elementor-type=\"wp-page\" data-elementor-id=\"288\" class=\"elementor elementor-288\" data-elementor-post-type=\"page\">\n\t\t\t\t<div class=\"elementor-element elementor-element-bc9baf4 e-flex e-con-boxed elementor-invisible e-con e-parent\" data-id=\"bc9baf4\" data-element_type=\"container\" data-e-type=\"container\" data-settings=\"{&quot;animation&quot;:&quot;slideInDown&quot;}\">\n\t\t\t\t\t<div class=\"e-con-inner\">\n\t\t<div class=\"elementor-element elementor-element-631ddd9 e-flex e-con-boxed e-con e-parent\" data-id=\"631ddd9\" data-element_type=\"container\" data-e-type=\"container\">\n\t\t\t\t\t<div class=\"e-con-inner\">\n\t\t\t\t<div class=\"elementor-element elementor-element-9b461ec elementor-widget elementor-widget-heading\" data-id=\"9b461ec\" data-element_type=\"widget\" data-e-type=\"widget\" data-widget_type=\"heading.default\">\n\t\t\t\t<div class=\"elementor-widget-container\">\n\t\t\t\t\t<h2 class=\"elementor-heading-title elementor-size-default\">\u201cThere would be no life on Earth without the seas.\u201d<\/h2>\t\t\t\t<\/div>\n\t\t\t\t<\/div>\n\t\t<div class=\"elementor-element elementor-element-62c064b e-flex e-con-boxed e-con e-parent\" data-id=\"62c064b\" data-element_type=\"container\" data-e-type=\"container\">\n\t\t\t\t\t<div class=\"e-con-inner\">\n\t\t\t\t<div class=\"elementor-element elementor-element-c043f3b elementor-widget elementor-widget-text-editor\" data-id=\"c043f3b\" data-element_type=\"widget\" data-e-type=\"widget\" data-widget_type=\"text-editor.default\">\n\t\t\t\t<div class=\"elementor-widget-container\">\n\t\t\t\t\t\t\t\t\t<p>At Nicksan, we fully comprehend the significance of sustainable development.<\/p>\t\t\t\t\t\t\t\t<\/div>\n\t\t\t\t<\/div>\n\t\t\t\t\t<\/div>\n\t\t\t\t<\/div>\n\t\t\t\t\t<\/div>\n\t\t\t\t<\/div>\n\t\t<div class=\"elementor-element elementor-element-823a3bf e-flex e-con-boxed e-con e-parent\" data-id=\"823a3bf\" data-element_type=\"container\" data-e-type=\"container\">\n\t\t\t\t\t<div class=\"e-con-inner\">\n\t\t\t\t<div class=\"elementor-element elementor-element-e4fb089 elementor-widget elementor-widget-video\" data-id=\"e4fb089\" data-element_type=\"widget\" data-e-type=\"widget\" data-settings=\"{&quot;video_type&quot;:&quot;hosted&quot;,&quot;autoplay&quot;:&quot;yes&quot;,&quot;mute&quot;:&quot;yes&quot;,&quot;loop&quot;:&quot;yes&quot;}\" data-widget_type=\"video.default\">\n\t\t\t\t<div class=\"elementor-widget-container\">\n\t\t\t\t\t\t\t<div class=\"e-hosted-video elementor-wrapper elementor-open-inline\">\n\t\t\t\t\t<video class=\"elementor-video\" src=\"https:\/\/nicksan.com\/wp-content\/uploads\/2023\/08\/trimmedGX010048.mp4\" autoplay=\"\" loop=\"\" muted=\"muted\" controlslist=\"nodownload\"><\/video>\n\t\t\t\t<\/div>\n\t\t\t\t\t\t<\/div>\n\t\t\t\t<\/div>\n\t\t\t\t<div class=\"elementor-element elementor-element-053a971 elementor-widget elementor-widget-text-editor\" data-id=\"053a971\" data-element_type=\"widget\" data-e-type=\"widget\" data-widget_type=\"text-editor.default\">\n\t\t\t\t<div class=\"elementor-widget-container\">\n\t\t\t\t\t\t\t\t\t<p>Autor: Andromeda Alighieri<\/p>\t\t\t\t\t\t\t\t<\/div>\n\t\t\t\t<\/div>\n\t\t\t\t\t<\/div>\n\t\t\t\t<\/div>\n\t\t\t\t\t<\/div>\n\t\t\t\t<\/div>\n\t\t<div class=\"elementor-element elementor-element-990d76a e-flex e-con-boxed e-con e-parent\" data-id=\"990d76a\" data-element_type=\"container\" data-e-type=\"container\" data-settings=\"{&quot;background_background&quot;:&quot;classic&quot;}\">\n\t\t\t\t\t<div class=\"e-con-inner\">\n\t\t<div class=\"elementor-element elementor-element-3650efb e-con-full e-flex e-con e-parent\" data-id=\"3650efb\" data-element_type=\"container\" data-e-type=\"container\">\n\t\t\t\t<div class=\"elementor-element elementor-element-86e3778 elementor-widget elementor-widget-gallery\" data-id=\"86e3778\" data-element_type=\"widget\" data-e-type=\"widget\" data-settings=\"{&quot;gallery_layout&quot;:&quot;masonry&quot;,&quot;columns_mobile&quot;:2,&quot;lazyload&quot;:&quot;yes&quot;,&quot;columns&quot;:4,&quot;columns_tablet&quot;:2,&quot;gap&quot;:{&quot;unit&quot;:&quot;px&quot;,&quot;size&quot;:10,&quot;sizes&quot;:[]},&quot;gap_tablet&quot;:{&quot;unit&quot;:&quot;px&quot;,&quot;size&quot;:10,&quot;sizes&quot;:[]},&quot;gap_mobile&quot;:{&quot;unit&quot;:&quot;px&quot;,&quot;size&quot;:10,&quot;sizes&quot;:[]},&quot;link_to&quot;:&quot;file&quot;,&quot;overlay_background&quot;:&quot;yes&quot;,&quot;content_hover_animation&quot;:&quot;fade-in&quot;}\" data-widget_type=\"gallery.default\">\n\t\t\t\t<div class=\"elementor-widget-container\">\n\t\t\t\t\t\t\t<div class=\"elementor-gallery__container\">\n\t\t\t\t\t\t\t<a class=\"e-gallery-item elementor-gallery-item elementor-animated-content\" href=\"https:\/\/nicksan.com\/wp-content\/uploads\/2023\/08\/4L9A2231-Fotos-Nicksan-1.webp\" data-elementor-open-lightbox=\"yes\" data-elementor-lightbox-slideshow=\"86e3778\" data-elementor-lightbox-title=\"4L9A2231 (Fotos Nicksan)\" data-e-action-hash=\"#elementor-action%3Aaction%3Dlightbox%26settings%3DeyJpZCI6MjkxLCJ1cmwiOiJodHRwczpcL1wvbmlja3Nhbi5jb21cL3dwLWNvbnRlbnRcL3VwbG9hZHNcLzIwMjNcLzA4XC80TDlBMjIzMS1Gb3Rvcy1OaWNrc2FuLTEud2VicCIsInNsaWRlc2hvdyI6Ijg2ZTM3NzgifQ%3D%3D\">\n\t\t\t\t\t<div class=\"e-gallery-image elementor-gallery-item__image\" data-thumbnail=\"https:\/\/nicksan.com\/wp-content\/uploads\/2023\/08\/4L9A2231-Fotos-Nicksan-1-300x200.webp\" data-width=\"300\" data-height=\"200\" aria-label=\"\" role=\"img\" ><\/div>\n\t\t\t\t\t\t\t\t\t\t\t<div class=\"elementor-gallery-item__overlay\"><\/div>\n\t\t\t\t\t\t\t\t\t\t\t\t\t\t<\/a>\n\t\t\t\t\t\t\t<a class=\"e-gallery-item elementor-gallery-item elementor-animated-content\" href=\"https:\/\/nicksan.com\/wp-content\/uploads\/2023\/08\/4L9A2032-Fotos-Nicksan.webp\" data-elementor-open-lightbox=\"yes\" data-elementor-lightbox-slideshow=\"86e3778\" data-elementor-lightbox-title=\"4L9A2032 (Fotos Nicksan)\" data-e-action-hash=\"#elementor-action%3Aaction%3Dlightbox%26settings%3DeyJpZCI6Mjk0LCJ1cmwiOiJodHRwczpcL1wvbmlja3Nhbi5jb21cL3dwLWNvbnRlbnRcL3VwbG9hZHNcLzIwMjNcLzA4XC80TDlBMjAzMi1Gb3Rvcy1OaWNrc2FuLndlYnAiLCJzbGlkZXNob3ciOiI4NmUzNzc4In0%3D\">\n\t\t\t\t\t<div class=\"e-gallery-image elementor-gallery-item__image\" data-thumbnail=\"https:\/\/nicksan.com\/wp-content\/uploads\/2023\/08\/4L9A2032-Fotos-Nicksan-300x200.webp\" data-width=\"300\" data-height=\"200\" aria-label=\"\" role=\"img\" ><\/div>\n\t\t\t\t\t\t\t\t\t\t\t<div class=\"elementor-gallery-item__overlay\"><\/div>\n\t\t\t\t\t\t\t\t\t\t\t\t\t\t<\/a>\n\t\t\t\t\t\t\t<a class=\"e-gallery-item elementor-gallery-item elementor-animated-content\" href=\"https:\/\/nicksan.com\/wp-content\/uploads\/2023\/08\/4L9A2053-Fotos-Nicksan.webp\" data-elementor-open-lightbox=\"yes\" data-elementor-lightbox-slideshow=\"86e3778\" data-elementor-lightbox-title=\"4L9A2053 (Fotos Nicksan)\" data-e-action-hash=\"#elementor-action%3Aaction%3Dlightbox%26settings%3DeyJpZCI6Mjk1LCJ1cmwiOiJodHRwczpcL1wvbmlja3Nhbi5jb21cL3dwLWNvbnRlbnRcL3VwbG9hZHNcLzIwMjNcLzA4XC80TDlBMjA1My1Gb3Rvcy1OaWNrc2FuLndlYnAiLCJzbGlkZXNob3ciOiI4NmUzNzc4In0%3D\">\n\t\t\t\t\t<div class=\"e-gallery-image elementor-gallery-item__image\" data-thumbnail=\"https:\/\/nicksan.com\/wp-content\/uploads\/2023\/08\/4L9A2053-Fotos-Nicksan-300x200.webp\" data-width=\"300\" data-height=\"200\" aria-label=\"\" role=\"img\" ><\/div>\n\t\t\t\t\t\t\t\t\t\t\t<div class=\"elementor-gallery-item__overlay\"><\/div>\n\t\t\t\t\t\t\t\t\t\t\t\t\t\t<\/a>\n\t\t\t\t\t\t\t<a class=\"e-gallery-item elementor-gallery-item elementor-animated-content\" href=\"https:\/\/nicksan.com\/wp-content\/uploads\/2023\/08\/4L9A2127-Fotos-Nicksan.webp\" data-elementor-open-lightbox=\"yes\" data-elementor-lightbox-slideshow=\"86e3778\" data-elementor-lightbox-title=\"4L9A2127 (Fotos Nicksan)\" data-e-action-hash=\"#elementor-action%3Aaction%3Dlightbox%26settings%3DeyJpZCI6Mjk2LCJ1cmwiOiJodHRwczpcL1wvbmlja3Nhbi5jb21cL3dwLWNvbnRlbnRcL3VwbG9hZHNcLzIwMjNcLzA4XC80TDlBMjEyNy1Gb3Rvcy1OaWNrc2FuLndlYnAiLCJzbGlkZXNob3ciOiI4NmUzNzc4In0%3D\">\n\t\t\t\t\t<div class=\"e-gallery-image elementor-gallery-item__image\" data-thumbnail=\"https:\/\/nicksan.com\/wp-content\/uploads\/2023\/08\/4L9A2127-Fotos-Nicksan-300x200.webp\" data-width=\"300\" data-height=\"200\" aria-label=\"\" role=\"img\" ><\/div>\n\t\t\t\t\t\t\t\t\t\t\t<div class=\"elementor-gallery-item__overlay\"><\/div>\n\t\t\t\t\t\t\t\t\t\t\t\t\t\t<\/a>\n\t\t\t\t\t\t\t<a class=\"e-gallery-item elementor-gallery-item elementor-animated-content\" href=\"https:\/\/nicksan.com\/wp-content\/uploads\/2023\/08\/4L9A2158-Fotos-Nicksan.webp\" data-elementor-open-lightbox=\"yes\" data-elementor-lightbox-slideshow=\"86e3778\" data-elementor-lightbox-title=\"4L9A2158 (Fotos Nicksan)\" data-e-action-hash=\"#elementor-action%3Aaction%3Dlightbox%26settings%3DeyJpZCI6Mjk3LCJ1cmwiOiJodHRwczpcL1wvbmlja3Nhbi5jb21cL3dwLWNvbnRlbnRcL3VwbG9hZHNcLzIwMjNcLzA4XC80TDlBMjE1OC1Gb3Rvcy1OaWNrc2FuLndlYnAiLCJzbGlkZXNob3ciOiI4NmUzNzc4In0%3D\">\n\t\t\t\t\t<div class=\"e-gallery-image elementor-gallery-item__image\" data-thumbnail=\"https:\/\/nicksan.com\/wp-content\/uploads\/2023\/08\/4L9A2158-Fotos-Nicksan-300x200.webp\" data-width=\"300\" data-height=\"200\" aria-label=\"\" role=\"img\" ><\/div>\n\t\t\t\t\t\t\t\t\t\t\t<div class=\"elementor-gallery-item__overlay\"><\/div>\n\t\t\t\t\t\t\t\t\t\t\t\t\t\t<\/a>\n\t\t\t\t\t\t\t<a class=\"e-gallery-item elementor-gallery-item elementor-animated-content\" href=\"https:\/\/nicksan.com\/wp-content\/uploads\/2024\/10\/4L9A2164-Fotos-Nicksan.jpg\" data-elementor-open-lightbox=\"yes\" data-elementor-lightbox-slideshow=\"86e3778\" data-elementor-lightbox-title=\"4L9A2164 (Fotos Nicksan)\" data-e-action-hash=\"#elementor-action%3Aaction%3Dlightbox%26settings%3DeyJpZCI6MTA3MSwidXJsIjoiaHR0cHM6XC9cL25pY2tzYW4uY29tXC93cC1jb250ZW50XC91cGxvYWRzXC8yMDI0XC8xMFwvNEw5QTIxNjQtRm90b3MtTmlja3Nhbi5qcGciLCJzbGlkZXNob3ciOiI4NmUzNzc4In0%3D\">\n\t\t\t\t\t<div class=\"e-gallery-image elementor-gallery-item__image\" data-thumbnail=\"https:\/\/nicksan.com\/wp-content\/uploads\/2024\/10\/4L9A2164-Fotos-Nicksan-200x300.jpg\" data-width=\"200\" data-height=\"300\" aria-label=\"\" role=\"img\" ><\/div>\n\t\t\t\t\t\t\t\t\t\t\t<div class=\"elementor-gallery-item__overlay\"><\/div>\n\t\t\t\t\t\t\t\t\t\t\t\t\t\t<\/a>\n\t\t\t\t\t\t\t<a class=\"e-gallery-item elementor-gallery-item elementor-animated-content\" href=\"https:\/\/nicksan.com\/wp-content\/uploads\/2023\/08\/4L9A2177-Fotos-Nicksan.webp\" data-elementor-open-lightbox=\"yes\" data-elementor-lightbox-slideshow=\"86e3778\" data-elementor-lightbox-title=\"4L9A2177 (Fotos Nicksan)\" data-e-action-hash=\"#elementor-action%3Aaction%3Dlightbox%26settings%3DeyJpZCI6Mjk5LCJ1cmwiOiJodHRwczpcL1wvbmlja3Nhbi5jb21cL3dwLWNvbnRlbnRcL3VwbG9hZHNcLzIwMjNcLzA4XC80TDlBMjE3Ny1Gb3Rvcy1OaWNrc2FuLndlYnAiLCJzbGlkZXNob3ciOiI4NmUzNzc4In0%3D\">\n\t\t\t\t\t<div class=\"e-gallery-image elementor-gallery-item__image\" data-thumbnail=\"https:\/\/nicksan.com\/wp-content\/uploads\/2023\/08\/4L9A2177-Fotos-Nicksan-300x200.webp\" data-width=\"300\" data-height=\"200\" aria-label=\"\" role=\"img\" ><\/div>\n\t\t\t\t\t\t\t\t\t\t\t<div class=\"elementor-gallery-item__overlay\"><\/div>\n\t\t\t\t\t\t\t\t\t\t\t\t\t\t<\/a>\n\t\t\t\t\t\t\t<a class=\"e-gallery-item elementor-gallery-item elementor-animated-content\" href=\"https:\/\/nicksan.com\/wp-content\/uploads\/2023\/08\/4L9A1858-Fotos-Nicksan-1.webp\" data-elementor-open-lightbox=\"yes\" data-elementor-lightbox-slideshow=\"86e3778\" data-elementor-lightbox-title=\"4L9A1858 (Fotos Nicksan)\" data-e-action-hash=\"#elementor-action%3Aaction%3Dlightbox%26settings%3DeyJpZCI6MjkzLCJ1cmwiOiJodHRwczpcL1wvbmlja3Nhbi5jb21cL3dwLWNvbnRlbnRcL3VwbG9hZHNcLzIwMjNcLzA4XC80TDlBMTg1OC1Gb3Rvcy1OaWNrc2FuLTEud2VicCIsInNsaWRlc2hvdyI6Ijg2ZTM3NzgifQ%3D%3D\">\n\t\t\t\t\t<div class=\"e-gallery-image elementor-gallery-item__image\" data-thumbnail=\"https:\/\/nicksan.com\/wp-content\/uploads\/2023\/08\/4L9A1858-Fotos-Nicksan-1-200x300.webp\" data-width=\"200\" data-height=\"300\" aria-label=\"\" role=\"img\" ><\/div>\n\t\t\t\t\t\t\t\t\t\t\t<div class=\"elementor-gallery-item__overlay\"><\/div>\n\t\t\t\t\t\t\t\t\t\t\t\t\t\t<\/a>\n\t\t\t\t\t\t\t<a class=\"e-gallery-item elementor-gallery-item elementor-animated-content\" href=\"https:\/\/nicksan.com\/wp-content\/uploads\/2023\/08\/4L9A2184-Fotos-Nicksan.webp\" data-elementor-open-lightbox=\"yes\" data-elementor-lightbox-slideshow=\"86e3778\" data-elementor-lightbox-title=\"4L9A2184 (Fotos Nicksan)\" data-e-action-hash=\"#elementor-action%3Aaction%3Dlightbox%26settings%3DeyJpZCI6MzAxLCJ1cmwiOiJodHRwczpcL1wvbmlja3Nhbi5jb21cL3dwLWNvbnRlbnRcL3VwbG9hZHNcLzIwMjNcLzA4XC80TDlBMjE4NC1Gb3Rvcy1OaWNrc2FuLndlYnAiLCJzbGlkZXNob3ciOiI4NmUzNzc4In0%3D\">\n\t\t\t\t\t<div class=\"e-gallery-image elementor-gallery-item__image\" data-thumbnail=\"https:\/\/nicksan.com\/wp-content\/uploads\/2023\/08\/4L9A2184-Fotos-Nicksan-300x200.webp\" data-width=\"300\" data-height=\"200\" aria-label=\"\" role=\"img\" ><\/div>\n\t\t\t\t\t\t\t\t\t\t\t<div class=\"elementor-gallery-item__overlay\"><\/div>\n\t\t\t\t\t\t\t\t\t\t\t\t\t\t<\/a>\n\t\t\t\t\t\t\t<a class=\"e-gallery-item elementor-gallery-item elementor-animated-content\" href=\"https:\/\/nicksan.com\/wp-content\/uploads\/2024\/10\/4L9A2203-Fotos-Nicksan.jpg\" data-elementor-open-lightbox=\"yes\" data-elementor-lightbox-slideshow=\"86e3778\" data-elementor-lightbox-title=\"4L9A2203 (Fotos Nicksan)\" data-e-action-hash=\"#elementor-action%3Aaction%3Dlightbox%26settings%3DeyJpZCI6MTA3MCwidXJsIjoiaHR0cHM6XC9cL25pY2tzYW4uY29tXC93cC1jb250ZW50XC91cGxvYWRzXC8yMDI0XC8xMFwvNEw5QTIyMDMtRm90b3MtTmlja3Nhbi5qcGciLCJzbGlkZXNob3ciOiI4NmUzNzc4In0%3D\">\n\t\t\t\t\t<div class=\"e-gallery-image elementor-gallery-item__image\" data-thumbnail=\"https:\/\/nicksan.com\/wp-content\/uploads\/2024\/10\/4L9A2203-Fotos-Nicksan-300x200.jpg\" data-width=\"300\" data-height=\"200\" aria-label=\"\" role=\"img\" ><\/div>\n\t\t\t\t\t\t\t\t\t\t\t<div class=\"elementor-gallery-item__overlay\"><\/div>\n\t\t\t\t\t\t\t\t\t\t\t\t\t\t<\/a>\n\t\t\t\t\t<\/div>\n\t\t\t\t\t<\/div>\n\t\t\t\t<\/div>\n\t\t\t\t<\/div>\n\t\t<div class=\"elementor-element elementor-element-70906f0 e-con-full e-flex e-con e-parent\" data-id=\"70906f0\" data-element_type=\"container\" data-e-type=\"container\">\n\t\t\t\t<div class=\"elementor-element elementor-element-ebad44a elementor-widget elementor-widget-text-editor\" data-id=\"ebad44a\" data-element_type=\"widget\" data-e-type=\"widget\" data-widget_type=\"text-editor.default\">\n\t\t\t\t<div class=\"elementor-widget-container\">\n\t\t\t\t\t\t\t\t\t<p>Angel Carbajal takes great pride in backing emerging agricultural enterprises in the region. His own Huerta, \"Looking Flowers\", represents the forefront of environmentally conscious local farming. They maintain a close relationship, and he actively encourages them to cultivate specific organic products and emphasize quality.<\/p><p>Additionally, he actively participates in charity dinners and events while supporting various organizations. He is a chef with a solid commitment to helping others.<\/p>\t\t\t\t\t\t\t\t<\/div>\n\t\t\t\t<\/div>\n\t\t\t\t<\/div>\n\t\t\t\t\t<\/div>\n\t\t\t\t<\/div>\n\t\t\t\t<\/div>","protected":false},"excerpt":{"rendered":"<p>&#8220;No habr\u00eda vida en la Tierra sin los mares\u201d En Nicksan comprendemos lo que realmente significa el desarrollo sostenible y la importancia del mismo. https:\/\/nicksan.com\/wp-content\/uploads\/2023\/08\/trimmedGX010048.mp4 Autor: Andromeda Alighieri \u00c1ngel Carbajal se enorgullece en apoyar empresas agr\u00edcolas emergentes que se desarrollan en la regi\u00f3n. Su propia Huerta \u201cLooking flowers\u201d pertenece a la nueva generaci\u00f3n de agricultores [&hellip;]<\/p>\n","protected":false},"author":1,"featured_media":0,"parent":0,"menu_order":0,"comment_status":"closed","ping_status":"closed","template":"","meta":{"footnotes":""},"class_list":["post-288","page","type-page","status-publish","hentry"],"yoast_head":"<!-- This site is optimized with the Yoast SEO plugin v27.4 - https:\/\/yoast.com\/product\/yoast-seo-wordpress\/ -->\n<title>Sustentabilidad - Nicksan<\/title>\n<meta name=\"robots\" content=\"index, follow, max-snippet:-1, max-image-preview:large, max-video-preview:-1\" \/>\n<link rel=\"canonical\" href=\"https:\/\/nicksan.com\/en\/sustentabilidad\/\" \/>\n<meta property=\"og:locale\" content=\"en_US\" \/>\n<meta property=\"og:type\" content=\"article\" \/>\n<meta property=\"og:title\" content=\"Sustentabilidad - Nicksan\" \/>\n<meta property=\"og:description\" content=\"&#8220;No habr\u00eda vida en la Tierra sin los mares\u201d En Nicksan comprendemos lo que realmente significa el desarrollo sostenible y la importancia del mismo. https:\/\/nicksan.com\/wp-content\/uploads\/2023\/08\/trimmedGX010048.mp4 Autor: Andromeda Alighieri \u00c1ngel Carbajal se enorgullece en apoyar empresas agr\u00edcolas emergentes que se desarrollan en la regi\u00f3n. Su propia Huerta \u201cLooking flowers\u201d pertenece a la nueva generaci\u00f3n de agricultores [&hellip;]\" \/>\n<meta property=\"og:url\" content=\"https:\/\/nicksan.com\/en\/sustentabilidad\/\" \/>\n<meta property=\"og:site_name\" content=\"Nicksan\" \/>\n<meta property=\"article:modified_time\" content=\"2024-10-08T21:34:35+00:00\" \/>\n<meta name=\"twitter:card\" content=\"summary_large_image\" \/>\n<meta name=\"twitter:label1\" content=\"Est. reading time\" \/>\n\t<meta name=\"twitter:data1\" content=\"1 minute\" \/>\n<script type=\"application\/ld+json\" class=\"yoast-schema-graph\">{\"@context\":\"https:\\\/\\\/schema.org\",\"@graph\":[{\"@type\":\"WebPage\",\"@id\":\"https:\\\/\\\/nicksan.com\\\/sustentabilidad\\\/\",\"url\":\"https:\\\/\\\/nicksan.com\\\/sustentabilidad\\\/\",\"name\":\"Sustentabilidad - Nicksan\",\"isPartOf\":{\"@id\":\"https:\\\/\\\/nicksan.com\\\/#website\"},\"datePublished\":\"2023-08-04T10:01:44+00:00\",\"dateModified\":\"2024-10-08T21:34:35+00:00\",\"breadcrumb\":{\"@id\":\"https:\\\/\\\/nicksan.com\\\/sustentabilidad\\\/#breadcrumb\"},\"inLanguage\":\"en-US\",\"potentialAction\":[{\"@type\":\"ReadAction\",\"target\":[\"https:\\\/\\\/nicksan.com\\\/sustentabilidad\\\/\"]}]},{\"@type\":\"BreadcrumbList\",\"@id\":\"https:\\\/\\\/nicksan.com\\\/sustentabilidad\\\/#breadcrumb\",\"itemListElement\":[{\"@type\":\"ListItem\",\"position\":1,\"name\":\"Portada\",\"item\":\"https:\\\/\\\/nicksan.com\\\/\"},{\"@type\":\"ListItem\",\"position\":2,\"name\":\"Sustentabilidad\"}]},{\"@type\":\"WebSite\",\"@id\":\"https:\\\/\\\/nicksan.com\\\/#website\",\"url\":\"https:\\\/\\\/nicksan.com\\\/\",\"name\":\"Nicksan\",\"description\":\"Beyond sushi experience\",\"publisher\":{\"@id\":\"https:\\\/\\\/nicksan.com\\\/#organization\"},\"potentialAction\":[{\"@type\":\"SearchAction\",\"target\":{\"@type\":\"EntryPoint\",\"urlTemplate\":\"https:\\\/\\\/nicksan.com\\\/?s={search_term_string}\"},\"query-input\":{\"@type\":\"PropertyValueSpecification\",\"valueRequired\":true,\"valueName\":\"search_term_string\"}}],\"inLanguage\":\"en-US\"},{\"@type\":\"Organization\",\"@id\":\"https:\\\/\\\/nicksan.com\\\/#organization\",\"name\":\"Nicksan\",\"url\":\"https:\\\/\\\/nicksan.com\\\/\",\"logo\":{\"@type\":\"ImageObject\",\"inLanguage\":\"en-US\",\"@id\":\"https:\\\/\\\/nicksan.com\\\/#\\\/schema\\\/logo\\\/image\\\/\",\"url\":\"https:\\\/\\\/nicksan.com\\\/wp-content\\\/uploads\\\/2023\\\/07\\\/logo_nicksan_completo_blanco.png\",\"contentUrl\":\"https:\\\/\\\/nicksan.com\\\/wp-content\\\/uploads\\\/2023\\\/07\\\/logo_nicksan_completo_blanco.png\",\"width\":350,\"height\":186,\"caption\":\"Nicksan\"},\"image\":{\"@id\":\"https:\\\/\\\/nicksan.com\\\/#\\\/schema\\\/logo\\\/image\\\/\"}}]}<\/script>\n<!-- \/ Yoast SEO plugin. -->","yoast_head_json":{"title":"Sustentabilidad - Nicksan","robots":{"index":"index","follow":"follow","max-snippet":"max-snippet:-1","max-image-preview":"max-image-preview:large","max-video-preview":"max-video-preview:-1"},"canonical":"https:\/\/nicksan.com\/en\/sustentabilidad\/","og_locale":"en_US","og_type":"article","og_title":"Sustentabilidad - Nicksan","og_description":"&#8220;No habr\u00eda vida en la Tierra sin los mares\u201d En Nicksan comprendemos lo que realmente significa el desarrollo sostenible y la importancia del mismo. https:\/\/nicksan.com\/wp-content\/uploads\/2023\/08\/trimmedGX010048.mp4 Autor: Andromeda Alighieri \u00c1ngel Carbajal se enorgullece en apoyar empresas agr\u00edcolas emergentes que se desarrollan en la regi\u00f3n. Su propia Huerta \u201cLooking flowers\u201d pertenece a la nueva generaci\u00f3n de agricultores [&hellip;]","og_url":"https:\/\/nicksan.com\/en\/sustentabilidad\/","og_site_name":"Nicksan","article_modified_time":"2024-10-08T21:34:35+00:00","twitter_card":"summary_large_image","twitter_misc":{"Est. reading time":"1 minute"},"schema":{"@context":"https:\/\/schema.org","@graph":[{"@type":"WebPage","@id":"https:\/\/nicksan.com\/sustentabilidad\/","url":"https:\/\/nicksan.com\/sustentabilidad\/","name":"Sustentabilidad - Nicksan","isPartOf":{"@id":"https:\/\/nicksan.com\/#website"},"datePublished":"2023-08-04T10:01:44+00:00","dateModified":"2024-10-08T21:34:35+00:00","breadcrumb":{"@id":"https:\/\/nicksan.com\/sustentabilidad\/#breadcrumb"},"inLanguage":"en-US","potentialAction":[{"@type":"ReadAction","target":["https:\/\/nicksan.com\/sustentabilidad\/"]}]},{"@type":"BreadcrumbList","@id":"https:\/\/nicksan.com\/sustentabilidad\/#breadcrumb","itemListElement":[{"@type":"ListItem","position":1,"name":"Portada","item":"https:\/\/nicksan.com\/"},{"@type":"ListItem","position":2,"name":"Sustentabilidad"}]},{"@type":"WebSite","@id":"https:\/\/nicksan.com\/#website","url":"https:\/\/nicksan.com\/","name":"Nicksan","description":"Beyond sushi experience","publisher":{"@id":"https:\/\/nicksan.com\/#organization"},"potentialAction":[{"@type":"SearchAction","target":{"@type":"EntryPoint","urlTemplate":"https:\/\/nicksan.com\/?s={search_term_string}"},"query-input":{"@type":"PropertyValueSpecification","valueRequired":true,"valueName":"search_term_string"}}],"inLanguage":"en-US"},{"@type":"Organization","@id":"https:\/\/nicksan.com\/#organization","name":"Nicksan","url":"https:\/\/nicksan.com\/","logo":{"@type":"ImageObject","inLanguage":"en-US","@id":"https:\/\/nicksan.com\/#\/schema\/logo\/image\/","url":"https:\/\/nicksan.com\/wp-content\/uploads\/2023\/07\/logo_nicksan_completo_blanco.png","contentUrl":"https:\/\/nicksan.com\/wp-content\/uploads\/2023\/07\/logo_nicksan_completo_blanco.png","width":350,"height":186,"caption":"Nicksan"},"image":{"@id":"https:\/\/nicksan.com\/#\/schema\/logo\/image\/"}}]}},"_links":{"self":[{"href":"https:\/\/nicksan.com\/en\/wp-json\/wp\/v2\/pages\/288","targetHints":{"allow":["GET"]}}],"collection":[{"href":"https:\/\/nicksan.com\/en\/wp-json\/wp\/v2\/pages"}],"about":[{"href":"https:\/\/nicksan.com\/en\/wp-json\/wp\/v2\/types\/page"}],"author":[{"embeddable":true,"href":"https:\/\/nicksan.com\/en\/wp-json\/wp\/v2\/users\/1"}],"replies":[{"embeddable":true,"href":"https:\/\/nicksan.com\/en\/wp-json\/wp\/v2\/comments?post=288"}],"version-history":[{"count":34,"href":"https:\/\/nicksan.com\/en\/wp-json\/wp\/v2\/pages\/288\/revisions"}],"predecessor-version":[{"id":1074,"href":"https:\/\/nicksan.com\/en\/wp-json\/wp\/v2\/pages\/288\/revisions\/1074"}],"wp:attachment":[{"href":"https:\/\/nicksan.com\/en\/wp-json\/wp\/v2\/media?parent=288"}],"curies":[{"name":"wp","href":"https:\/\/api.w.org\/{rel}","templated":true}]}}