{"id":1132,"date":"2024-10-09T20:00:56","date_gmt":"2024-10-09T20:00:56","guid":{"rendered":"https:\/\/nicksan.com\/?page_id=1132"},"modified":"2024-11-15T19:50:39","modified_gmt":"2024-11-15T19:50:39","slug":"menu-es","status":"publish","type":"page","link":"https:\/\/nicksan.com\/en\/menu-es\/","title":{"rendered":"Men\u00fa Espa\u00f1ol"},"content":{"rendered":"\t\t<div data-elementor-type=\"wp-page\" data-elementor-id=\"1132\" class=\"elementor elementor-1132\" data-elementor-post-type=\"page\">\n\t\t\t\t<div class=\"elementor-element elementor-element-250c51f e-con-full e-flex e-con e-parent\" data-id=\"250c51f\" data-element_type=\"container\" data-e-type=\"container\">\n\t\t\t\t<div class=\"elementor-element elementor-element-4ec9392 elementor-widget elementor-widget-heading\" data-id=\"4ec9392\" data-element_type=\"widget\" data-e-type=\"widget\" data-widget_type=\"heading.default\">\n\t\t\t\t<div class=\"elementor-widget-container\">\n\t\t\t\t\t<h4 class=\"elementor-heading-title elementor-size-default\">Menu<\/h4>\t\t\t\t<\/div>\n\t\t\t\t<\/div>\n\t\t\t\t<div class=\"elementor-element elementor-element-92e617f lang elementor-hidden-desktop elementor-hidden-tablet elementor-hidden-mobile elementor-widget elementor-widget-image\" data-id=\"92e617f\" data-element_type=\"widget\" data-e-type=\"widget\" data-widget_type=\"image.default\">\n\t\t\t\t<div class=\"elementor-widget-container\">\n\t\t\t\t\t\t\t\t\t\t\t\t\t\t\t<img decoding=\"async\" src=\"https:\/\/nicksan.com\/wp-content\/plugins\/elementor\/assets\/images\/placeholder.png\" title=\"\" alt=\"\" loading=\"lazy\" \/>\t\t\t\t\t\t\t\t\t\t\t\t\t\t\t<\/div>\n\t\t\t\t<\/div>\n\t\t\t\t<\/div>\n\t\t<div class=\"elementor-element elementor-element-b2a05e4 e-flex e-con-boxed e-con e-parent\" data-id=\"b2a05e4\" data-element_type=\"container\" data-e-type=\"container\">\n\t\t\t\t\t<div class=\"e-con-inner\">\n\t\t\t\t<div class=\"elementor-element elementor-element-995f986 elementor-arrows-position-inside elementor-widget elementor-widget-n-carousel\" data-id=\"995f986\" data-element_type=\"widget\" data-e-type=\"widget\" data-settings=\"{&quot;carousel_items&quot;:[{&quot;slide_title&quot;:&quot;A la carta&quot;,&quot;_id&quot;:&quot;33b47da&quot;},{&quot;slide_title&quot;:&quot;Vinos&quot;,&quot;_id&quot;:&quot;613c486&quot;},{&quot;slide_title&quot;:&quot;Sake &amp; Cerveza&quot;,&quot;_id&quot;:&quot;881db1b&quot;},{&quot;_id&quot;:&quot;1d80004&quot;,&quot;slide_title&quot;:&quot;Cockteles Cl\\u00e1sicos y Originales&quot;},{&quot;_id&quot;:&quot;ff15ed6&quot;,&quot;slide_title&quot;:&quot;Selecci\\u00f3n Premium&quot;}],&quot;slides_to_show&quot;:&quot;4&quot;,&quot;slides_to_scroll&quot;:&quot;1&quot;,&quot;image_spacing_custom&quot;:{&quot;unit&quot;:&quot;px&quot;,&quot;size&quot;:0,&quot;sizes&quot;:[]},&quot;slides_to_show_tablet&quot;:&quot;3&quot;,&quot;slides_to_scroll_tablet&quot;:&quot;1&quot;,&quot;slides_to_scroll_mobile&quot;:&quot;1&quot;,&quot;slides_to_show_mobile&quot;:&quot;1&quot;,&quot;autoplay&quot;:&quot;yes&quot;,&quot;autoplay_speed&quot;:5000,&quot;pause_on_hover&quot;:&quot;yes&quot;,&quot;pause_on_interaction&quot;:&quot;yes&quot;,&quot;infinite&quot;:&quot;yes&quot;,&quot;speed&quot;:500,&quot;offset_sides&quot;:&quot;none&quot;,&quot;arrows&quot;:&quot;yes&quot;,&quot;image_spacing_custom_tablet&quot;:{&quot;unit&quot;:&quot;px&quot;,&quot;size&quot;:&quot;&quot;,&quot;sizes&quot;:[]},&quot;image_spacing_custom_mobile&quot;:{&quot;unit&quot;:&quot;px&quot;,&quot;size&quot;:&quot;&quot;,&quot;sizes&quot;:[]}}\" data-widget_type=\"nested-carousel.default\">\n\t\t\t\t<div class=\"elementor-widget-container\">\n\t\t\t\t\t\t\t<div class=\"e-n-carousel swiper\" role=\"region\" aria-roledescription=\"carousel\" aria-label=\"Carousel\" dir=\"ltr\">\n\t\t\t<div class=\"swiper-wrapper\" aria-live=\"off\">\n\t\t\t\t\t\t\t\t\t\t<div class=\"swiper-slide\" data-slide=\"1\" role=\"group\" aria-roledescription=\"slide\" aria-label=\"1 of 5\">\n\t\t\t\t\t\t\t<a class=\"elementor-element elementor-element-8abce21 e-flex e-con-boxed e-con e-child\" data-id=\"8abce21\" data-element_type=\"container\" data-e-type=\"container\" data-settings=\"{&quot;background_background&quot;:&quot;classic&quot;}\" href=\"https:\/\/nicksan.com\/menus\/Menu-Esp.pdf\" target=\"_blank\">\n\t\t\t\t\t<div class=\"e-con-inner\">\n\t\t<div class=\"elementor-element elementor-element-45daeea e-con-full e-flex e-con e-child\" data-id=\"45daeea\" data-element_type=\"container\" data-e-type=\"container\" data-settings=\"{&quot;background_background&quot;:&quot;classic&quot;}\">\n\t\t\t\t<div class=\"elementor-element elementor-element-d87f8c2 elementor-widget elementor-widget-heading\" data-id=\"d87f8c2\" data-element_type=\"widget\" data-e-type=\"widget\" data-widget_type=\"heading.default\">\n\t\t\t\t<div class=\"elementor-widget-container\">\n\t\t\t\t\t<h2 class=\"elementor-heading-title elementor-size-default\">A LA CARTA<\/h2>\t\t\t\t<\/div>\n\t\t\t\t<\/div>\n\t\t\t\t<\/div>\n\t\t\t\t\t<\/div>\n\t\t\t\t<\/a>\n\t\t\t\t\t\t\t\t<\/div>\n\t\t\t\t\t\t\t\t\t\t\t<div class=\"swiper-slide\" data-slide=\"2\" role=\"group\" aria-roledescription=\"slide\" aria-label=\"2 of 5\">\n\t\t\t\t\t\t\t<a class=\"elementor-element elementor-element-a9377e6 e-flex e-con-boxed e-con e-child\" data-id=\"a9377e6\" data-element_type=\"container\" data-e-type=\"container\" data-settings=\"{&quot;background_background&quot;:&quot;classic&quot;}\" href=\"http:\/\/nicksan.com\/menus\/WINE_v5.pdf\" target=\"_blank\">\n\t\t\t\t\t<div class=\"e-con-inner\">\n\t\t<div class=\"elementor-element elementor-element-48d6a27 e-con-full e-flex e-con e-child\" data-id=\"48d6a27\" data-element_type=\"container\" data-e-type=\"container\" data-settings=\"{&quot;background_background&quot;:&quot;classic&quot;}\">\n\t\t\t\t<div class=\"elementor-element elementor-element-ff2cfc3 elementor-widget elementor-widget-heading\" data-id=\"ff2cfc3\" data-element_type=\"widget\" data-e-type=\"widget\" data-widget_type=\"heading.default\">\n\t\t\t\t<div class=\"elementor-widget-container\">\n\t\t\t\t\t<h2 class=\"elementor-heading-title elementor-size-default\">VINOS<\/h2>\t\t\t\t<\/div>\n\t\t\t\t<\/div>\n\t\t\t\t<\/div>\n\t\t\t\t\t<\/div>\n\t\t\t\t<\/a>\n\t\t\t\t\t\t\t\t<\/div>\n\t\t\t\t\t\t\t\t\t\t\t<div class=\"swiper-slide\" data-slide=\"3\" role=\"group\" aria-roledescription=\"slide\" aria-label=\"3 of 5\">\n\t\t\t\t\t\t\t<a class=\"elementor-element elementor-element-0054416 e-flex e-con-boxed e-con e-child\" data-id=\"0054416\" data-element_type=\"container\" data-e-type=\"container\" data-settings=\"{&quot;background_background&quot;:&quot;classic&quot;}\" href=\"http:\/\/nicksan.com\/menus\/SAKE_BEER_V5.pdf\" target=\"_blank\">\n\t\t\t\t\t<div class=\"e-con-inner\">\n\t\t<div class=\"elementor-element elementor-element-5bb4e54 e-con-full e-flex e-con e-child\" data-id=\"5bb4e54\" data-element_type=\"container\" data-e-type=\"container\" data-settings=\"{&quot;background_background&quot;:&quot;classic&quot;}\">\n\t\t\t\t<div class=\"elementor-element elementor-element-40e0c63 elementor-widget elementor-widget-heading\" data-id=\"40e0c63\" data-element_type=\"widget\" data-e-type=\"widget\" data-widget_type=\"heading.default\">\n\t\t\t\t<div class=\"elementor-widget-container\">\n\t\t\t\t\t<h2 class=\"elementor-heading-title elementor-size-default\">SAKE &amp; CERVEZA<\/h2>\t\t\t\t<\/div>\n\t\t\t\t<\/div>\n\t\t\t\t<\/div>\n\t\t\t\t\t<\/div>\n\t\t\t\t<\/a>\n\t\t\t\t\t\t\t\t<\/div>\n\t\t\t\t\t\t\t\t\t\t\t<div class=\"swiper-slide\" data-slide=\"4\" role=\"group\" aria-roledescription=\"slide\" aria-label=\"4 of 5\">\n\t\t\t\t\t\t\t<a class=\"elementor-element elementor-element-84bc6f3 e-flex e-con-boxed e-con e-child\" data-id=\"84bc6f3\" data-element_type=\"container\" data-e-type=\"container\" data-settings=\"{&quot;background_background&quot;:&quot;classic&quot;}\" href=\"http:\/\/nicksan.com\/menus\/COCKTAILS_CLASSIQUES_CREATIONS_V2.pdf\" target=\"_blank\">\n\t\t\t\t\t<div class=\"e-con-inner\">\n\t\t<div class=\"elementor-element elementor-element-61b9494 e-con-full e-flex e-con e-child\" data-id=\"61b9494\" data-element_type=\"container\" data-e-type=\"container\" data-settings=\"{&quot;background_background&quot;:&quot;classic&quot;}\">\n\t\t\t\t<div class=\"elementor-element elementor-element-06b905c elementor-widget elementor-widget-heading\" data-id=\"06b905c\" data-element_type=\"widget\" data-e-type=\"widget\" data-widget_type=\"heading.default\">\n\t\t\t\t<div class=\"elementor-widget-container\">\n\t\t\t\t\t<h2 class=\"elementor-heading-title elementor-size-default\">COCKTELES CL\u00c1SICOS &amp; ORIGINALES<\/h2>\t\t\t\t<\/div>\n\t\t\t\t<\/div>\n\t\t\t\t<\/div>\n\t\t\t\t\t<\/div>\n\t\t\t\t<\/a>\n\t\t\t\t\t\t\t\t<\/div>\n\t\t\t\t\t\t\t\t\t\t\t<div class=\"swiper-slide\" data-slide=\"5\" role=\"group\" aria-roledescription=\"slide\" aria-label=\"5 of 5\">\n\t\t\t\t\t\t\t<a class=\"elementor-element elementor-element-abd18f9 e-flex e-con-boxed e-con e-child\" data-id=\"abd18f9\" data-element_type=\"container\" data-e-type=\"container\" data-settings=\"{&quot;background_background&quot;:&quot;classic&quot;}\" href=\"http:\/\/nicksan.com\/menus\/PREMIUM_SELECTION_v2.pdf\" target=\"_blank\">\n\t\t\t\t\t<div class=\"e-con-inner\">\n\t\t<div class=\"elementor-element elementor-element-e2693c9 e-con-full e-flex e-con e-child\" data-id=\"e2693c9\" data-element_type=\"container\" data-e-type=\"container\" data-settings=\"{&quot;background_background&quot;:&quot;classic&quot;}\">\n\t\t\t\t<div class=\"elementor-element elementor-element-7ab2186 elementor-widget elementor-widget-heading\" data-id=\"7ab2186\" data-element_type=\"widget\" data-e-type=\"widget\" data-widget_type=\"heading.default\">\n\t\t\t\t<div class=\"elementor-widget-container\">\n\t\t\t\t\t<h2 class=\"elementor-heading-title elementor-size-default\">SELECCI\u00d3N PREMIUM<\/h2>\t\t\t\t<\/div>\n\t\t\t\t<\/div>\n\t\t\t\t<\/div>\n\t\t\t\t\t<\/div>\n\t\t\t\t<\/a>\n\t\t\t\t\t\t\t\t<\/div>\n\t\t\t\t\t\t\t\t<\/div>\n\t\t<\/div>\n\t\t\t\t\t<div class=\"elementor-swiper-button elementor-swiper-button-prev\" role=\"button\" tabindex=\"0\" aria-label=\"Previous\">\n\t\t\t\t<svg aria-hidden=\"true\" class=\"e-font-icon-svg e-eicon-chevron-left\" viewBox=\"0 0 1000 1000\" xmlns=\"http:\/\/www.w3.org\/2000\/svg\"><path d=\"M646 125C629 125 613 133 604 142L308 442C296 454 292 471 292 487 292 504 296 521 308 533L604 854C617 867 629 875 646 875 663 875 679 871 692 858 704 846 713 829 713 812 713 796 708 779 692 767L438 487 692 225C700 217 708 204 708 187 708 171 704 154 692 142 675 129 663 125 646 125Z\"><\/path><\/svg>\t\t\t<\/div>\n\t\t\t<div class=\"elementor-swiper-button elementor-swiper-button-next\" role=\"button\" tabindex=\"0\" aria-label=\"Next\">\n\t\t\t\t<svg aria-hidden=\"true\" class=\"e-font-icon-svg e-eicon-chevron-right\" viewBox=\"0 0 1000 1000\" xmlns=\"http:\/\/www.w3.org\/2000\/svg\"><path d=\"M696 533C708 521 713 504 713 487 713 471 708 454 696 446L400 146C388 133 375 125 354 125 338 125 325 129 313 142 300 154 292 171 292 187 292 204 296 221 308 233L563 492 304 771C292 783 288 800 288 817 288 833 296 850 308 863 321 871 338 875 354 875 371 875 388 867 400 854L696 533Z\"><\/path><\/svg>\t\t\t<\/div>\n\t\t\t\t\t\t<\/div>\n\t\t\t\t<\/div>\n\t\t\t\t\t<\/div>\n\t\t\t\t<\/div>\n\t\t\t\t<\/div>\n\t\t","protected":false},"excerpt":{"rendered":"<p>Menu A LA CARTA VINOS SAKE &amp; CERVEZA COCKTELES CL\u00c1SICOS &amp; ORIGINALES SELECCI\u00d3N PREMIUM A LA CARTA VINOS SAKE &amp; CERVEZA COCKTELES CL\u00c1SICOS &amp; ORIGINALES SELECCI\u00d3N PREMIUM<\/p>","protected":false},"author":1,"featured_media":0,"parent":0,"menu_order":0,"comment_status":"closed","ping_status":"closed","template":"elementor_header_footer","meta":{"footnotes":""},"class_list":["post-1132","page","type-page","status-publish","hentry"],"yoast_head":"<!-- This site is optimized with the Yoast SEO plugin v27.4 - https:\/\/yoast.com\/product\/yoast-seo-wordpress\/ -->\n<title>Men\u00fa Espa\u00f1ol - Nicksan<\/title>\n<meta name=\"robots\" content=\"index, follow, max-snippet:-1, max-image-preview:large, max-video-preview:-1\" \/>\n<link rel=\"canonical\" href=\"https:\/\/nicksan.com\/en\/menu-es\/\" \/>\n<meta property=\"og:locale\" content=\"en_US\" \/>\n<meta property=\"og:type\" content=\"article\" \/>\n<meta property=\"og:title\" content=\"Men\u00fa Espa\u00f1ol - Nicksan\" \/>\n<meta property=\"og:description\" content=\"Menu A LA CARTA VINOS SAKE &amp; CERVEZA COCKTELES CL\u00c1SICOS &amp; ORIGINALES SELECCI\u00d3N PREMIUM A LA CARTA VINOS SAKE &amp; CERVEZA COCKTELES CL\u00c1SICOS &amp; ORIGINALES SELECCI\u00d3N PREMIUM\" \/>\n<meta property=\"og:url\" content=\"https:\/\/nicksan.com\/en\/menu-es\/\" \/>\n<meta property=\"og:site_name\" content=\"Nicksan\" \/>\n<meta property=\"article:modified_time\" content=\"2024-11-15T19:50:39+00:00\" \/>\n<meta property=\"og:image\" content=\"https:\/\/nicksan.com\/wp-content\/plugins\/elementor\/assets\/images\/placeholder.png\" \/>\n<meta name=\"twitter:card\" content=\"summary_large_image\" \/>\n<script type=\"application\/ld+json\" class=\"yoast-schema-graph\">{\"@context\":\"https:\\\/\\\/schema.org\",\"@graph\":[{\"@type\":\"WebPage\",\"@id\":\"https:\\\/\\\/nicksan.com\\\/en\\\/menu-es\\\/\",\"url\":\"https:\\\/\\\/nicksan.com\\\/en\\\/menu-es\\\/\",\"name\":\"Men\u00fa Espa\u00f1ol - Nicksan\",\"isPartOf\":{\"@id\":\"https:\\\/\\\/nicksan.com\\\/#website\"},\"primaryImageOfPage\":{\"@id\":\"https:\\\/\\\/nicksan.com\\\/en\\\/menu-es\\\/#primaryimage\"},\"image\":{\"@id\":\"https:\\\/\\\/nicksan.com\\\/en\\\/menu-es\\\/#primaryimage\"},\"thumbnailUrl\":\"https:\\\/\\\/nicksan.com\\\/wp-content\\\/plugins\\\/elementor\\\/assets\\\/images\\\/placeholder.png\",\"datePublished\":\"2024-10-09T20:00:56+00:00\",\"dateModified\":\"2024-11-15T19:50:39+00:00\",\"breadcrumb\":{\"@id\":\"https:\\\/\\\/nicksan.com\\\/en\\\/menu-es\\\/#breadcrumb\"},\"inLanguage\":\"en-US\",\"potentialAction\":[{\"@type\":\"ReadAction\",\"target\":[\"https:\\\/\\\/nicksan.com\\\/en\\\/menu-es\\\/\"]}]},{\"@type\":\"ImageObject\",\"inLanguage\":\"en-US\",\"@id\":\"https:\\\/\\\/nicksan.com\\\/en\\\/menu-es\\\/#primaryimage\",\"url\":\"https:\\\/\\\/nicksan.com\\\/wp-content\\\/plugins\\\/elementor\\\/assets\\\/images\\\/placeholder.png\",\"contentUrl\":\"https:\\\/\\\/nicksan.com\\\/wp-content\\\/plugins\\\/elementor\\\/assets\\\/images\\\/placeholder.png\"},{\"@type\":\"BreadcrumbList\",\"@id\":\"https:\\\/\\\/nicksan.com\\\/en\\\/menu-es\\\/#breadcrumb\",\"itemListElement\":[{\"@type\":\"ListItem\",\"position\":1,\"name\":\"Portada\",\"item\":\"https:\\\/\\\/nicksan.com\\\/\"},{\"@type\":\"ListItem\",\"position\":2,\"name\":\"Men\u00fa Espa\u00f1ol\"}]},{\"@type\":\"WebSite\",\"@id\":\"https:\\\/\\\/nicksan.com\\\/#website\",\"url\":\"https:\\\/\\\/nicksan.com\\\/\",\"name\":\"Nicksan\",\"description\":\"Beyond sushi experience\",\"publisher\":{\"@id\":\"https:\\\/\\\/nicksan.com\\\/#organization\"},\"potentialAction\":[{\"@type\":\"SearchAction\",\"target\":{\"@type\":\"EntryPoint\",\"urlTemplate\":\"https:\\\/\\\/nicksan.com\\\/?s={search_term_string}\"},\"query-input\":{\"@type\":\"PropertyValueSpecification\",\"valueRequired\":true,\"valueName\":\"search_term_string\"}}],\"inLanguage\":\"en-US\"},{\"@type\":\"Organization\",\"@id\":\"https:\\\/\\\/nicksan.com\\\/#organization\",\"name\":\"Nicksan\",\"url\":\"https:\\\/\\\/nicksan.com\\\/\",\"logo\":{\"@type\":\"ImageObject\",\"inLanguage\":\"en-US\",\"@id\":\"https:\\\/\\\/nicksan.com\\\/#\\\/schema\\\/logo\\\/image\\\/\",\"url\":\"https:\\\/\\\/nicksan.com\\\/wp-content\\\/uploads\\\/2023\\\/07\\\/logo_nicksan_completo_blanco.png\",\"contentUrl\":\"https:\\\/\\\/nicksan.com\\\/wp-content\\\/uploads\\\/2023\\\/07\\\/logo_nicksan_completo_blanco.png\",\"width\":350,\"height\":186,\"caption\":\"Nicksan\"},\"image\":{\"@id\":\"https:\\\/\\\/nicksan.com\\\/#\\\/schema\\\/logo\\\/image\\\/\"}}]}<\/script>\n<!-- \/ Yoast SEO plugin. -->","yoast_head_json":{"title":"Men\u00fa Espa\u00f1ol - Nicksan","robots":{"index":"index","follow":"follow","max-snippet":"max-snippet:-1","max-image-preview":"max-image-preview:large","max-video-preview":"max-video-preview:-1"},"canonical":"https:\/\/nicksan.com\/en\/menu-es\/","og_locale":"en_US","og_type":"article","og_title":"Men\u00fa Espa\u00f1ol - Nicksan","og_description":"Menu A LA CARTA VINOS SAKE &amp; CERVEZA COCKTELES CL\u00c1SICOS &amp; ORIGINALES SELECCI\u00d3N PREMIUM A LA CARTA VINOS SAKE &amp; CERVEZA COCKTELES CL\u00c1SICOS &amp; ORIGINALES SELECCI\u00d3N PREMIUM","og_url":"https:\/\/nicksan.com\/en\/menu-es\/","og_site_name":"Nicksan","article_modified_time":"2024-11-15T19:50:39+00:00","og_image":[{"url":"https:\/\/nicksan.com\/wp-content\/plugins\/elementor\/assets\/images\/placeholder.png","type":"","width":"","height":""}],"twitter_card":"summary_large_image","schema":{"@context":"https:\/\/schema.org","@graph":[{"@type":"WebPage","@id":"https:\/\/nicksan.com\/en\/menu-es\/","url":"https:\/\/nicksan.com\/en\/menu-es\/","name":"Men\u00fa Espa\u00f1ol - Nicksan","isPartOf":{"@id":"https:\/\/nicksan.com\/#website"},"primaryImageOfPage":{"@id":"https:\/\/nicksan.com\/en\/menu-es\/#primaryimage"},"image":{"@id":"https:\/\/nicksan.com\/en\/menu-es\/#primaryimage"},"thumbnailUrl":"https:\/\/nicksan.com\/wp-content\/plugins\/elementor\/assets\/images\/placeholder.png","datePublished":"2024-10-09T20:00:56+00:00","dateModified":"2024-11-15T19:50:39+00:00","breadcrumb":{"@id":"https:\/\/nicksan.com\/en\/menu-es\/#breadcrumb"},"inLanguage":"en-US","potentialAction":[{"@type":"ReadAction","target":["https:\/\/nicksan.com\/en\/menu-es\/"]}]},{"@type":"ImageObject","inLanguage":"en-US","@id":"https:\/\/nicksan.com\/en\/menu-es\/#primaryimage","url":"https:\/\/nicksan.com\/wp-content\/plugins\/elementor\/assets\/images\/placeholder.png","contentUrl":"https:\/\/nicksan.com\/wp-content\/plugins\/elementor\/assets\/images\/placeholder.png"},{"@type":"BreadcrumbList","@id":"https:\/\/nicksan.com\/en\/menu-es\/#breadcrumb","itemListElement":[{"@type":"ListItem","position":1,"name":"Portada","item":"https:\/\/nicksan.com\/"},{"@type":"ListItem","position":2,"name":"Men\u00fa Espa\u00f1ol"}]},{"@type":"WebSite","@id":"https:\/\/nicksan.com\/#website","url":"https:\/\/nicksan.com\/","name":"Nicksan","description":"Beyond sushi experience","publisher":{"@id":"https:\/\/nicksan.com\/#organization"},"potentialAction":[{"@type":"SearchAction","target":{"@type":"EntryPoint","urlTemplate":"https:\/\/nicksan.com\/?s={search_term_string}"},"query-input":{"@type":"PropertyValueSpecification","valueRequired":true,"valueName":"search_term_string"}}],"inLanguage":"en-US"},{"@type":"Organization","@id":"https:\/\/nicksan.com\/#organization","name":"Nicksan","url":"https:\/\/nicksan.com\/","logo":{"@type":"ImageObject","inLanguage":"en-US","@id":"https:\/\/nicksan.com\/#\/schema\/logo\/image\/","url":"https:\/\/nicksan.com\/wp-content\/uploads\/2023\/07\/logo_nicksan_completo_blanco.png","contentUrl":"https:\/\/nicksan.com\/wp-content\/uploads\/2023\/07\/logo_nicksan_completo_blanco.png","width":350,"height":186,"caption":"Nicksan"},"image":{"@id":"https:\/\/nicksan.com\/#\/schema\/logo\/image\/"}}]}},"_links":{"self":[{"href":"https:\/\/nicksan.com\/en\/wp-json\/wp\/v2\/pages\/1132","targetHints":{"allow":["GET"]}}],"collection":[{"href":"https:\/\/nicksan.com\/en\/wp-json\/wp\/v2\/pages"}],"about":[{"href":"https:\/\/nicksan.com\/en\/wp-json\/wp\/v2\/types\/page"}],"author":[{"embeddable":true,"href":"https:\/\/nicksan.com\/en\/wp-json\/wp\/v2\/users\/1"}],"replies":[{"embeddable":true,"href":"https:\/\/nicksan.com\/en\/wp-json\/wp\/v2\/comments?post=1132"}],"version-history":[{"count":16,"href":"https:\/\/nicksan.com\/en\/wp-json\/wp\/v2\/pages\/1132\/revisions"}],"predecessor-version":[{"id":1257,"href":"https:\/\/nicksan.com\/en\/wp-json\/wp\/v2\/pages\/1132\/revisions\/1257"}],"wp:attachment":[{"href":"https:\/\/nicksan.com\/en\/wp-json\/wp\/v2\/media?parent=1132"}],"curies":[{"name":"wp","href":"https:\/\/api.w.org\/{rel}","templated":true}]}}